{"id":10785,"date":"2018-09-27T14:54:03","date_gmt":"2018-09-27T18:54:03","guid":{"rendered":"https:\/\/cegepadistance.ca\/?page_id=10785"},"modified":"2023-10-16T08:36:08","modified_gmt":"2023-10-16T12:36:08","slug":"instructors-and-learning-advisors","status":"publish","type":"page","link":"https:\/\/ftp.cegepadistance.ca\/en\/education-network\/instructors-and-learning-advisors\/","title":{"rendered":"Teachers and Pedagogical Counsellors"},"content":{"rendered":"<p>As a partner of the college network, C\u00e9gep \u00e0 distance offers many tools and services to the other CEGEPs to help them achieve their mission and support the academic pursuits of their students.<\/p>\n<aside class=\"box\">\n<h2 class=\"subtitle-1\">Join our team!<\/h2>\n<p>We are always looking for <a href=\"\/en\/home-students\/employment-opportunities\/employment-opportunities\/become-a-tutor\/\">tutors<\/a> to coach and support our students and <a href=\"\/en\/home-students\/employment-opportunities\/employment-opportunities\/become-a-subject-matter-expert\/\">content specialists<\/a> to develop or review our courses.<\/p>\n<\/aside>\n<h2>Your tools<\/h2>\n<h3>Kit &#8211; Alternative teaching resources<\/h3>\n<p>This <a href=\"https:\/\/kit.cegepadistance.ca\">website<\/a> (available in French) presents educational and technological resources (with English and French versions) as well as professional development material to assist teaching and professional staff during their transition to online or distance learning projects in higher education.<\/p>\n<h3>Videos for the ICT Profile for College Students<\/h3>\n<p>In partnership with the F\u00e9d\u00e9ration des c\u00e9geps and the IT REP Network, C\u00e9gep \u00e0 distance has developed a series of videos to help students acquire the skills related to the ICT profile for College Students. These videos can be found on the Collegial Centre for Educational Materials Development (CCDMD) World of Images website, in their own specific album.<\/p>\n<p><a title=\"See the ICT Profile for College Students video album\" href=\"http:\/\/monde.ccdmd.qc.ca\/albums_partages\/index.fcgi?demande=consulter&amp;id=2374\">Watch the ICT profile videos.<br \/>\n<\/a>Learn more about the ICT Profile.<\/p>\n<h3>\u00c9ductive<\/h3>\n<p>C\u00e9gep \u00e0 distance invites you to visit \u00c9ductive, which defines itself as the reference for the use of technology in college-level teaching and learning.<\/p>\n<p><a title=\"\u00c9ductive\" href=\"https:\/\/eductive.ca\/en\/\">Visit the \u00c9ductive website.<\/a><\/p>\n<h3>Available in French only:\u00a0<em>Processus d\u2019\u00e9valuation des comp\u00e9tences en formation \u00e0 distance<\/em><span><\/span><\/h3>\n<p><em>Produit dans le cadre du Programme de collaboration universit\u00e9s-coll\u00e8ges (PCUC), gr\u00e2ce \u00e0 la participation conjointe du C\u00e9gep \u00e0 distance, du Secteur PERFORMA et du D\u00e9partement de gestion de l\u2019\u00e9ducation et de la formation de l\u2019Universit\u00e9 de Sherbrooke, ce site sur le Processus d\u2019\u00e9valuation des comp\u00e9tences en formation \u00e0 distance donne acc\u00e8s \u00e0 un ensemble de ressources qui ont \u00e9t\u00e9 \u00e9labor\u00e9es par plusieurs acteurs de mani\u00e8re \u00e0 soutenir le processus d\u2019\u00e9valuation des comp\u00e9tences en formation \u00e0 distance. Les ressources sont regroup\u00e9es selon les cinq \u00e9tapes du processus, soit : analyser, planifier, concevoir, mettre en \u0153uvre et valider.<\/em><\/p>\n<p><a href=\"http:\/\/evaluationfad.cegepadistance.ca\/\" class=\"\">Visit the <em>Processus d\u2019\u00e9valuation des comp\u00e9tences en formation \u00e0 distance<\/em> website.<\/a><\/p>\n<h3>Success tools for students<\/h3>\n<p><a href=\"\/en\/home-students\/informations-and-services\/student-success\/student-success-tools\/\">Discover the student success tools offered by C\u00e9gep \u00e0 distance.<\/a><\/p>\n<p>&nbsp;<\/p>\n","protected":false},"excerpt":{"rendered":"<p>As a partner of the college network, C\u00e9gep \u00e0 distance offers many tools and services to the other CEGEPs to help them achieve their mission and support the academic pursuits of their students. Join our team! We are always looking for tutors to coach and support our students and content specialists to develop or review [&hellip;]<\/p>\n","protected":false},"author":2,"featured_media":0,"parent":9919,"menu_order":4,"comment_status":"open","ping_status":"open","template":"","meta":{"_acf_changed":false,"content-type":"","footnotes":""},"categories":[],"class_list":["post-10785","page","type-page","status-publish","hentry"],"acf":[],"publishpress_future_action":{"enabled":false,"date":"2026-04-21 11:29:55","action":"change-status","newStatus":"draft","terms":[],"taxonomy":"category","extraData":[]},"publishpress_future_workflow_manual_trigger":{"enabledWorkflows":[]},"_links":{"self":[{"href":"https:\/\/ftp.cegepadistance.ca\/en\/wp-json\/wp\/v2\/pages\/10785","targetHints":{"allow":["GET"]}}],"collection":[{"href":"https:\/\/ftp.cegepadistance.ca\/en\/wp-json\/wp\/v2\/pages"}],"about":[{"href":"https:\/\/ftp.cegepadistance.ca\/en\/wp-json\/wp\/v2\/types\/page"}],"author":[{"embeddable":true,"href":"https:\/\/ftp.cegepadistance.ca\/en\/wp-json\/wp\/v2\/users\/2"}],"replies":[{"embeddable":true,"href":"https:\/\/ftp.cegepadistance.ca\/en\/wp-json\/wp\/v2\/comments?post=10785"}],"version-history":[{"count":5,"href":"https:\/\/ftp.cegepadistance.ca\/en\/wp-json\/wp\/v2\/pages\/10785\/revisions"}],"predecessor-version":[{"id":19087,"href":"https:\/\/ftp.cegepadistance.ca\/en\/wp-json\/wp\/v2\/pages\/10785\/revisions\/19087"}],"up":[{"embeddable":true,"href":"https:\/\/ftp.cegepadistance.ca\/en\/wp-json\/wp\/v2\/pages\/9919"}],"wp:attachment":[{"href":"https:\/\/ftp.cegepadistance.ca\/en\/wp-json\/wp\/v2\/media?parent=10785"}],"wp:term":[{"taxonomy":"category","embeddable":true,"href":"https:\/\/ftp.cegepadistance.ca\/en\/wp-json\/wp\/v2\/categories?post=10785"}],"curies":[{"name":"wp","href":"https:\/\/api.w.org\/{rel}","templated":true}]}}