{"id":11242,"date":"2019-02-06T14:07:42","date_gmt":"2019-02-06T19:07:42","guid":{"rendered":"https:\/\/cegepadistance.ca\/?page_id=11242"},"modified":"2024-08-19T14:40:51","modified_gmt":"2024-08-19T18:40:51","slug":"quiz-3","status":"publish","type":"page","link":"https:\/\/ftp.cegepadistance.ca\/en\/home\/studying-at-cegep-a-distance\/discover-studying-at-cegep-a-distance\/quizzes\/quiz-3\/","title":{"rendered":"Quiz 3"},"content":{"rendered":"<h2>Truth or fiction: Eight myths and realities about distance education<\/h2>\n<p><span>Quality, course recognition, student support\u2026 Try this quiz to help you separate the myths from the realities of distance education.<\/span><\/p>\n<ol>\n<li><div class=\"lbo-toggle-box\">\n<h4>Distance education is not as good as in-class education.<\/h4>\n<p><strong>Myth!<\/strong><\/p>\n<h4>Stringency and quality are the cornerstones of distance education!<\/h4>\n<p><span>Having been mandated by the Minist\u00e8re de l\u2019Enseignement sup\u00e9rieur to offer distance education at the college level, C\u00e9gep \u00e0 distance has developed the infrastructure required to provide recognized, quality education.<\/span><\/p>\n<p><span>At every step of course development and provision, many steps are taken to ensure that the students are appropriately evaluated and that the education provided is credible. A thorough process is in place to guarantee the quality and validity of the courses and programs. For example, two professors from two different English-language CEGEPs work on every single English-language course offered to C\u00e9gep \u00e0 distance students.<\/span><\/p>\n<p><span>Since C\u00e9gep \u00e0 distance was founded in 1991, many of the courses we developed have won awards.<\/span><\/p>\n<\/div><\/li>\n<li><div class=\"lbo-toggle-box\">\n<h4>Distance education is not recognized as equivalent.<\/h4>\n<p><strong>Reality! (What?)<\/strong><\/p>\n<p><strong><\/strong><strong>C\u00e9gep \u00e0 distance courses are not recognized as equivalent: they\u2019re the benchmark!<\/strong><\/p>\n<p><span>C\u00e9gep \u00e0 distance is part of the C\u00e9gep de Rosemont, which is the only CEGEP mandated by the Minist\u00e8re de l\u2019Enseignement sup\u00e9rieur to develop distance education materials. C\u00e9gep \u00e0 distance has been THE standard in college-level distance education since 1991.<\/span><\/p>\n<p><span><\/span><span><\/span><span>You can use our college-level courses to earn the missing credits you need to complete your DCS\/DEC or ACS\/AEC. If you choose non-credit courses, you can earn continuing education units.<\/span><\/p>\n<\/div><\/li>\n<li><div class=\"lbo-toggle-box\">\n<h4>Distance education will affect my R score.<\/h4>\n<p><strong>Reality! (Wh-what?)<\/strong><\/p>\n<p><strong><\/strong><strong><\/strong><strong>Your R score will be affected\u2026just as it would in a regular CEGEP<span>\u00a0<\/span><\/strong><\/p>\n<p><span>At C\u00e9gep \u00e0 distance, your R score is calculated according to the official rules. In distance education, your R score is treated just as it is in other CEGEPs and will not be affected any differently than if you were studying in the classroom. Read our\u00a0<\/span><a title=\"R score\" href=\"https:\/\/cegepadistance.ca\/en\/home\/etudiant-inscrit-acces\/regulations-and-instructions\/r-score\/\" class=\"\">R score<\/a><span>\u00a0section for more details.<\/span><\/p>\n<\/div><\/li>\n<li><div class=\"lbo-toggle-box\">\n<h4>As a Francophone CEGEP, the C\u00e9gep de Rosemont\/C\u00e9gep \u00e0 distance is not prepared to serve non-Francophone clients.<\/h4>\n<p><strong>Myth!<\/strong><\/p>\n<p><strong><\/strong><strong><\/strong><strong>The C\u00e9gep de Rosemont\/C\u00e9gep \u00e0 distance is an excellent distance education choice for Anglo-, Allo-, and Francophones.<\/strong><\/p>\n<p>Since C\u00e9gep \u00e0 distance is the standard for CEGEP-level distance education, it has unique expertise in the field. Armed with its extensive distance education experience, C\u00e9gep \u00e0 distance has teamed up with professors from Anglophone CEGEPs to develop courses that reflect the reality and teaching methods of the Anglophone educational system.<br \/>\nBut C\u00e9gep \u00e0 distance is not unique in this situation. Lots of other Francophone CEGEPs serve non-Francophone students.<\/p>\n<ul>\n<li>C\u00e9gep de l\u2019Abitibi-T\u00e9miscamingue<\/li>\n<li>C\u00e9gep de la Gasp\u00e9sie et des \u00celes<\/li>\n<li>C\u00e9gep Marie-Victorin<\/li>\n<li>Coll\u00e8ge O\u2019 Sullivan<\/li>\n<li>C\u00e9gep de Sept-\u00celes<\/li>\n<\/ul>\n<\/div><\/li>\n<li><div class=\"lbo-toggle-box\">\n<h4>Distance education courses are not useful.<\/h4>\n<p><strong>Reality!\u00a0(Wh-wh-what?)<\/strong><\/p>\n<p><strong>\u201cUseful\u201d is not the right word! Most of the courses are MANDATORY to earn a DEC or be accepted at university.<\/strong><\/p>\n<p><span>The courses offered in English to C\u00e9gep \u00e0 distance students are not only useful but necessary for finishing English-language diplomas or attestations! They are often general education courses or mandatory complementary courses for earning a diploma of college studies (DEC) in the Social Sciences or prerequisites for admission to some university programs. Check out our\u00a0<\/span><a title=\"Our courses\" href=\"https:\/\/courseselectionguide.cegepadistance.ca\/courses\/\">list of courses<\/a><span>\u00a0to find out more.<\/span><\/p>\n<\/div><\/li>\n<li><div class=\"lbo-toggle-box\">\n<h4>In distance education, I\u2019m entirely on my own.<\/h4>\n<p><strong>Myth!<\/strong><\/p>\n<h4>The C\u00e9gep \u00e0 distance team accompanies our students from registration to graduation.<\/h4>\n<p>Even though it\u2019s \u201cdistance\u201d education, we\u2019re not far away. We\u2019re working with you all the way.<\/p>\n<p>Our staff is there to answer your questions. Whether you want to ask about your educational path, the terms and conditions of enrolment, or how to get technical assistance, there\u2019s always someone to help you.<\/p>\n<p>The learning materials are designed to make you completely independent in the learning process, but you can still count on the personalized support of a tutor. By phone or electronic messaging, this resource person answers your pedagogical questions, guides you in your learning, and helps you prepare for your exams.<\/p>\n<p>And then there is the discussion forum, which allows you to contact other students who are taking the course.<\/p>\n<p>Documents on time management, succeeding with distance education, and examination stress may also make your studies easier, and we put lots of other<span>\u00a0<\/span><a title=\"Student success tools\" href=\"https:\/\/cegepadistance.ca\/en\/home\/etudiant-inscrit-acces\/student-success\/student-success-tools\/\" class=\"\">success tools<\/a><span>\u00a0<\/span>at your disposal.<br \/>\nC\u00e9gep \u00e0 distance also offers a course called How to Succeed in College (<a href=\"https:\/\/courseselectionguide.cegepadistance.ca\/course\/360FDRFD-65-2\/\">360-FDR-FD<\/a>), which we recommend for anyone going back to school after a break.<\/p>\n<\/div><\/li>\n<li><div class=\"lbo-toggle-box\">\n<h4>C\u00e9gep \u00e0 distance doesn\u2019t offer the same services as a regular CEGEP.<\/h4>\n<p><strong>Reality!\u00a0(Wh-wh-wh-what?)<\/strong><\/p>\n<h4><strong>Other than coffee machines, C\u00e9gep \u00e0 distance offers all the services you need to help you advance and achieve your educational goals.<\/strong><\/h4>\n<p>Le C\u00e9gep \u00e0 distance offers the same services as other c\u00e9geps and more besides:<\/p>\n<ul>\n<li>intake<\/li>\n<li>analysis and evaluation of student profiles (service offered only by the French sector of C\u00e9gep \u00e0 distance at this time)<\/li>\n<li>academic advising<\/li>\n<li>registration<\/li>\n<li>tutoring<\/li>\n<li>recognition of acquired competencies (service offered only by the French sector of C\u00e9gep \u00e0 distance at this time)<\/li>\n<\/ul>\n<p>Our services rely on personalized contact with our students, with other institutions in the c\u00e9gep network, and with our partners.<\/li>\n<\/ol>\n<\/div>\n<p><span>You\u2019ve just finished our last quiz.<\/span><\/p>\n<h3><strong>Ready to sign up?<\/strong><\/h3>\n<p>Submit your <a href=\"\/en\/home\/applying-and-registering\/\">application and registration<\/a> today!<\/p>\n<p>&nbsp;<\/p>\n<p style=\"text-align: center;\"><a href=\"\/en\/home\/applying-and-registering\/\" class=\"btn btn-block\"><span>I want to register today<\/span><span class=\"ornement\"><\/span><\/a><\/p>\n","protected":false},"excerpt":{"rendered":"<p>Truth or fiction: Eight myths and realities about distance education Quality, course recognition, student support\u2026 Try this quiz to help you separate the myths from the realities of distance education. You\u2019ve just finished our last quiz. Ready to sign up? Submit your application and registration today! &nbsp; I want to register today<\/p>\n","protected":false},"author":2,"featured_media":0,"parent":11236,"menu_order":3,"comment_status":"open","ping_status":"open","template":"","meta":{"_acf_changed":false,"content-type":"","footnotes":""},"categories":[],"class_list":["post-11242","page","type-page","status-publish","hentry"],"acf":[],"publishpress_future_action":{"enabled":false,"date":"2026-04-21 10:48:10","action":"change-status","newStatus":"draft","terms":[],"taxonomy":"category","extraData":[]},"publishpress_future_workflow_manual_trigger":{"enabledWorkflows":[]},"_links":{"self":[{"href":"https:\/\/ftp.cegepadistance.ca\/en\/wp-json\/wp\/v2\/pages\/11242","targetHints":{"allow":["GET"]}}],"collection":[{"href":"https:\/\/ftp.cegepadistance.ca\/en\/wp-json\/wp\/v2\/pages"}],"about":[{"href":"https:\/\/ftp.cegepadistance.ca\/en\/wp-json\/wp\/v2\/types\/page"}],"author":[{"embeddable":true,"href":"https:\/\/ftp.cegepadistance.ca\/en\/wp-json\/wp\/v2\/users\/2"}],"replies":[{"embeddable":true,"href":"https:\/\/ftp.cegepadistance.ca\/en\/wp-json\/wp\/v2\/comments?post=11242"}],"version-history":[{"count":5,"href":"https:\/\/ftp.cegepadistance.ca\/en\/wp-json\/wp\/v2\/pages\/11242\/revisions"}],"predecessor-version":[{"id":20732,"href":"https:\/\/ftp.cegepadistance.ca\/en\/wp-json\/wp\/v2\/pages\/11242\/revisions\/20732"}],"up":[{"embeddable":true,"href":"https:\/\/ftp.cegepadistance.ca\/en\/wp-json\/wp\/v2\/pages\/11236"}],"wp:attachment":[{"href":"https:\/\/ftp.cegepadistance.ca\/en\/wp-json\/wp\/v2\/media?parent=11242"}],"wp:term":[{"taxonomy":"category","embeddable":true,"href":"https:\/\/ftp.cegepadistance.ca\/en\/wp-json\/wp\/v2\/categories?post=11242"}],"curies":[{"name":"wp","href":"https:\/\/api.w.org\/{rel}","templated":true}]}}