{"id":11248,"date":"2019-02-06T14:19:16","date_gmt":"2019-02-06T19:19:16","guid":{"rendered":"https:\/\/cegepadistance.ca\/?page_id=11248"},"modified":"2024-04-24T10:37:00","modified_gmt":"2024-04-24T14:37:00","slug":"student-born-outside-of-quebec","status":"publish","type":"page","link":"https:\/\/ftp.cegepadistance.ca\/en\/home\/studying-at-cegep-a-distance\/admission-requirements\/student-born-outside-of-quebec\/","title":{"rendered":"Student born outside of Qu\u00e9bec"},"content":{"rendered":"<h2><span lang=\"EN-CA\">For the following status: Canadian citizen born outside of Qu\u00e9bec, permanent resident, person born outside of Qu\u00e9bec living abroad<\/span><\/h2>\n<p><span lang=\"EN-CA\">The admission conditions are the same as those for a student born in Qu\u00e9bec.<\/span><\/p>\n<h2><span lang=\"EN-CA\">For any other status<\/span><\/h2>\n<p><span lang=\"EN-CA\">A reciprocal arrangement for visiting students authorization is required to study at C\u00e9gep \u00e0 distance.<\/span><\/p>\n<p><span lang=\"EN\">To find out more, consult the <a href=\"https:\/\/cegepadistance.ca\/en\/home\/studying-at-cegep-a-distance\/student-already-enrolled-in-another-cegep-2\/\">Student already enrolled in another CEGEP<\/a>\u00a0page.<\/span><span lang=\"EN-CA\"><\/span><\/p>\n","protected":false},"excerpt":{"rendered":"<p>For the following status: Canadian citizen born outside of Qu\u00e9bec, permanent resident, person born outside of Qu\u00e9bec living abroad The admission conditions are the same as those for a student born in Qu\u00e9bec. For any other status A reciprocal arrangement for visiting students authorization is required to study at C\u00e9gep \u00e0 distance. To find out [&hellip;]<\/p>\n","protected":false},"author":2,"featured_media":0,"parent":10769,"menu_order":6,"comment_status":"open","ping_status":"open","template":"","meta":{"_acf_changed":false,"content-type":"","footnotes":""},"categories":[],"class_list":["post-11248","page","type-page","status-publish","hentry"],"acf":[],"publishpress_future_action":{"enabled":false,"date":"2026-04-12 18:11:52","action":"change-status","newStatus":"draft","terms":[],"taxonomy":"category","extraData":[]},"publishpress_future_workflow_manual_trigger":{"enabledWorkflows":[]},"_links":{"self":[{"href":"https:\/\/ftp.cegepadistance.ca\/en\/wp-json\/wp\/v2\/pages\/11248","targetHints":{"allow":["GET"]}}],"collection":[{"href":"https:\/\/ftp.cegepadistance.ca\/en\/wp-json\/wp\/v2\/pages"}],"about":[{"href":"https:\/\/ftp.cegepadistance.ca\/en\/wp-json\/wp\/v2\/types\/page"}],"author":[{"embeddable":true,"href":"https:\/\/ftp.cegepadistance.ca\/en\/wp-json\/wp\/v2\/users\/2"}],"replies":[{"embeddable":true,"href":"https:\/\/ftp.cegepadistance.ca\/en\/wp-json\/wp\/v2\/comments?post=11248"}],"version-history":[{"count":5,"href":"https:\/\/ftp.cegepadistance.ca\/en\/wp-json\/wp\/v2\/pages\/11248\/revisions"}],"predecessor-version":[{"id":20164,"href":"https:\/\/ftp.cegepadistance.ca\/en\/wp-json\/wp\/v2\/pages\/11248\/revisions\/20164"}],"up":[{"embeddable":true,"href":"https:\/\/ftp.cegepadistance.ca\/en\/wp-json\/wp\/v2\/pages\/10769"}],"wp:attachment":[{"href":"https:\/\/ftp.cegepadistance.ca\/en\/wp-json\/wp\/v2\/media?parent=11248"}],"wp:term":[{"taxonomy":"category","embeddable":true,"href":"https:\/\/ftp.cegepadistance.ca\/en\/wp-json\/wp\/v2\/categories?post=11248"}],"curies":[{"name":"wp","href":"https:\/\/api.w.org\/{rel}","templated":true}]}}