{"id":11300,"date":"2019-02-06T15:14:48","date_gmt":"2019-02-06T20:14:48","guid":{"rendered":"https:\/\/cegepadistance.ca\/?page_id=11300"},"modified":"2023-10-25T16:10:18","modified_gmt":"2023-10-25T20:10:18","slug":"recognition-on-your-transcript-student-involvement","status":"publish","type":"page","link":"https:\/\/ftp.cegepadistance.ca\/en\/home\/registered-students-access\/recognition-on-your-transcript-student-involvement\/","title":{"rendered":"Recognition on your transcript \u2013 Student involvement"},"content":{"rendered":"<p><a href=\"https:\/\/cegepadistance.ca\/wp-content\/uploads\/2019\/02\/recognition_on_transcript.png\"><img fetchpriority=\"high\" decoding=\"async\" class=\"alignnone wp-image-11481 size-full\" alt=\"\" src=\"https:\/\/cegepadistance.ca\/wp-content\/uploads\/2019\/02\/recognition_on_transcript.png\" width=\"447\" height=\"171\" srcset=\"https:\/\/ftp.cegepadistance.ca\/wp-content\/uploads\/2019\/02\/recognition_on_transcript.png 447w, https:\/\/ftp.cegepadistance.ca\/wp-content\/uploads\/2019\/02\/recognition_on_transcript-300x115.png 300w\" sizes=\"(max-width: 447px) 100vw, 447px\" \/><\/a><\/p>\n<h2>A distinction that acknowledges your involvement, an asset on your transcript<\/h2>\n<p>Do you volunteer in your CEGEP or community?<br \/>\nAre you involved in an activity inside or outside your CEGEP?<br \/>\nDo you actively participate in a project abroad?<\/p>\n<p>In other words, are you an engaged student?<\/p>\n<p>Then \u201cRecognition of Student Involvement\u201d is for you!<\/p>\n<h2>What is Recognition of Student Involvement?<\/h2>\n<p>It is a program that recognizes, with an official note on your transcript, that you have acquired skills, competencies, and knowledge that are complementary to your academic learning, in<span>\u00a0<\/span><strong>social and community involvement, arts and culture, athletics\/sports, educational and academic activities, entrepreneurship, science,<\/strong><span>\u00a0<\/span>or<span>\u00a0<\/span><strong>politics<\/strong>. The note recognizes not only involvement within the CEGEP but also in the community or even abroad.<\/p>\n<h2>What is the point of the recognition?<\/h2>\n<p><a href=\"https:\/\/cegepadistance.ca\/wp-content\/uploads\/2019\/02\/happy-recognition.png\"><img decoding=\"async\" class=\"wp-image-11483 size-full alignleft\" alt=\"\" src=\"https:\/\/cegepadistance.ca\/wp-content\/uploads\/2019\/02\/happy-recognition.png\" width=\"283\" height=\"149\" \/><\/a><\/p>\n<div class=\"fifty\">\n<ul>\n<li>To set you apart for a potential employer<\/li>\n<li>To support your application to a university or for a scholarship<\/li>\n<li>To receive official acknowledgement from your CEGEP confirming your involvement<\/li>\n<li>To make you eligible for scholarships that reward student involvement<\/li>\n<li>To develop skills and competencies that will serve you throughout your personal and professional life<\/li>\n<\/ul>\n<\/div>\n<div>In short, it adds something important to your CV.<\/div>\n<h2>Areas of involvement<\/h2>\n<h3>Cultural and artistic<\/h3>\n<p><span>Activities that involve creating, producing, organizing or exhibiting work that enriches cultural life<\/span>.<br \/>\nEXAMPLES: Participating in various workshops (such as radio, Gospel choir, dance, fine arts, theatre), taking part in C\u00e9geps en spectacle or a writing contest (Crit\u00e8re, l\u2019\u00c9gr\u00e9gore), getting involved in clubs (such as Les Muzes, the improv league), or organizing an intercultural week.<\/p>\n<h3>Entrepreneurial<\/h3>\n<p><span>Activities that put the student at the heart of a business project<\/span>.<br \/>\nEXAMPLES: Creating and managing a major self-financed activity, participating actively in a student entrepreneurship club, starting up a small business, or doing an activity that requires entrepreneurial skills.<\/p>\n<h3>Political<\/h3>\n<p><span>Activities aimed at defending the rights and interests of students or other social groups, and participating in provincial, national and international social debates<\/span>.<br \/>\nEXAMPLES: Serving as a member of the AGECR steering committee, regular involvement as a member of a political party, organizing a citizenship week, or participating actively in a mobilization, political action, or social action committee.<\/p>\n<h3>Scientific<\/h3>\n<p><span>Scientific or technical activities that involve research, testing or popularization<\/span>.<br \/>\nEXAMPLES: Making a major contribution to a research group, developing and carrying out a major non-credit experiment, preparing and presenting a study at a scientific conference, or for an unpaid tutoring project.<\/p>\n<h3>Scholastic<\/h3>\n<p><span>Activities that are an extension of the student&#8217;s program of study and career path<\/span>.<br \/>\nEXAMPLES: Tutoring in a help centre (a computer centre such as the CAIR or an administration centre such as the CRA), regular involvement in non-credit refresher activities, or starting up a project that showcases academic achievements.<\/p>\n<h3>Social and community<\/h3>\n<p><span>Activities that improve the quality of life of members of a community and contribute to promoting greater civic engagement<\/span>.<br \/>\nEXAMPLES: Participating in an AGECR committee (such as student radio, student newspaper, environment committee), setting up an international cooperation project, volunteering in a seniors\u2019 home, or joining a team of student first-aid volunteers.<\/p>\n<h3>Sports<\/h3>\n<p><span>Activities involving not only student athletes, but also student coaches and student members of sports committees<\/span>.<br \/>\nEXAMPLES: Joining an intercollegiate or intramural sports team, taking part in a sport-study program, or volunteering as a coach.<\/p>\n<h3>Sustainable development<\/h3>\n<p>Activities aimed at raising awareness of environmental, social and economic issues related to sustainable development, including sharing knowledge and promoting responsible action and involvement for the benefit of current and future generations. This area recognizes skills such as leadership, organization, teamwork and interpersonal communication.<\/p>\n<h2>Four eligibility criteria<\/h2>\n<p>To be eligible, you must meet the four following conditions:<\/p>\n<h3>Do something significant<\/h3>\n<p>Your involvement must include at least 60 hours in a single area of involvement during a term. In some cases, the activity may extend over two sessions, as long as the time commitment is within a period of about six months.<\/p>\n<h3>Be a full-time student<\/h3>\n<p>The activity must be carried out while you are deemed to be at school full-time.<\/p>\n<h3>Attain the college\u2019s minimum academic standing requirements<\/h3>\n<p>Involvement cannot be separated from academic success. You must therefore attain or exceed the college\u2019s minimum academic standing requirements.<\/p>\n<h3>Volunteer<\/h3>\n<p>The activities must be of a volunteer nature, with no compensation in the form of money or course credits.<\/p>\n<h2>Are you involved or considering getting involved?<\/h2>\n<p><span>Then\t\t<a href=\"#fancybox_contact-us\" class=\"fancybox\">contact us<\/a>.\n\t\t<div id=\"fancybox_contact-us\" style=\"display:none\">\n\t\t\t\n<div class=\"wpcf7 no-js\" id=\"wpcf7-f11712-o1\" lang=\"fr-FR\" dir=\"ltr\" data-wpcf7-id=\"11712\">\n<div class=\"screen-reader-response\"><p role=\"status\" aria-live=\"polite\" aria-atomic=\"true\"><\/p> <ul><\/ul><\/div>\n<form action=\"\/en\/wp-json\/wp\/v2\/pages\/11300#wpcf7-f11712-o1\" method=\"post\" class=\"wpcf7-form init\" aria-label=\"Contact form\" novalidate=\"novalidate\" data-status=\"init\">\n<fieldset class=\"hidden-fields-container\"><input type=\"hidden\" name=\"_wpcf7\" value=\"11712\" \/><input type=\"hidden\" name=\"_wpcf7_version\" value=\"6.1.4\" \/><input type=\"hidden\" name=\"_wpcf7_locale\" value=\"fr_FR\" \/><input type=\"hidden\" name=\"_wpcf7_unit_tag\" value=\"wpcf7-f11712-o1\" \/><input type=\"hidden\" name=\"_wpcf7_container_post\" value=\"0\" \/><input type=\"hidden\" name=\"_wpcf7_posted_data_hash\" value=\"\" \/>\n<\/fieldset>\n<h2>Request regarding the Recognition on your transcript\n<\/h2>\n<P>USE THIS FORM ONLY TO SUBMIT A REQUEST REGARDING THE RECOGNITION ON YOUR TRANSCRIPT.\n<\/p>\n<div class=\"contactez-nous\">\n\t<p><label for=\"prenom\" >First name<span class=\"required\">(mandatory)<\/span><\/label><span class=\"wpcf7-form-control-wrap\" data-name=\"prenom\"><input size=\"40\" maxlength=\"400\" class=\"wpcf7-form-control wpcf7-text wpcf7-validates-as-required\" aria-required=\"true\" aria-invalid=\"false\" value=\"\" type=\"text\" name=\"prenom\" \/><\/span><br \/>\n<label for=\"lastname\" >Last name<span class=\"required\">(mandatory)<\/span><\/label><span class=\"wpcf7-form-control-wrap\" data-name=\"lastname\"><input size=\"40\" maxlength=\"400\" class=\"wpcf7-form-control wpcf7-text wpcf7-validates-as-required\" aria-required=\"true\" aria-invalid=\"false\" value=\"\" type=\"text\" name=\"lastname\" \/><\/span><br \/>\n<label for=\"your-email\" >Email<span class=\"required\">(mandatory)<br \/>\nNOTE! Make sure you enter a valid address, or we will not be able to respond.<\/span><\/label><span class=\"wpcf7-form-control-wrap\" data-name=\"your-email\"><input size=\"40\" maxlength=\"400\" class=\"wpcf7-form-control wpcf7-email wpcf7-validates-as-required wpcf7-text wpcf7-validates-as-email\" aria-required=\"true\" aria-invalid=\"false\" value=\"\" type=\"email\" name=\"your-email\" \/><\/span><br \/>\n<label for=\"subject\" >Subject <span class=\"required\">(mandatory)<\/span><\/label><span class=\"wpcf7-form-control-wrap\" data-name=\"subject\"><input size=\"40\" maxlength=\"400\" class=\"wpcf7-form-control wpcf7-text wpcf7-validates-as-required\" aria-required=\"true\" aria-invalid=\"false\" value=\"\" type=\"text\" name=\"subject\" \/><\/span><br \/>\n<label for=\"your-message\" >Message<span class=\"required\">(mandatory)<\/span><\/label><span class=\"wpcf7-form-control-wrap\" data-name=\"your-message\"><textarea cols=\"40\" rows=\"8\" maxlength=\"2000\" class=\"wpcf7-form-control wpcf7-textarea wpcf7-validates-as-required\" aria-required=\"true\" aria-invalid=\"false\" name=\"your-message\"><\/textarea><\/span><br \/>\n<label for=\"consent\" >Consent<span class=\"required\">(mandatory)<\/span><\/label>\n\t<\/p>\n\t<P>To enable us to properly answer your questions, the data provided in this form will be kept for a maximum period of two months.\n\t<\/p>\n\t<p><span class=\"wpcf7-form-control-wrap\" data-name=\"checkbox-771\"><span class=\"wpcf7-form-control wpcf7-checkbox wpcf7-validates-as-required wpcf7-exclusive-checkbox\"><span class=\"wpcf7-list-item first last\"><label><input type=\"checkbox\" name=\"checkbox-771\" value=\"By checking this box, you authorize Coll\u00e8ge de Rosemont and C\u00e9gep \u00e0 distance to send you information about their activities, programs and services.\" \/><span class=\"wpcf7-list-item-label\">By checking this box, you authorize Coll\u00e8ge de Rosemont and C\u00e9gep \u00e0 distance to send you information about their activities, programs and services.<\/span><\/label><\/span><\/span><\/span><br \/>\n<strong>VALIDATION CODE<\/strong>\n\t<\/p>\n\t<p><input type=\"hidden\" name=\"_wpcf7_captcha_challenge_captcha-129\" value=\"2880720307\" \/><img decoding=\"async\" class=\"wpcf7-form-control wpcf7-captchac wpcf7-captcha-captcha-129\" width=\"72\" height=\"24\" alt=\"captcha\" src=\"https:\/\/ftp.cegepadistance.ca\/wp-content\/uploads\/wpcf7_captcha\/2880720307.png\" \/>\n\t<\/p>\n\t<p>Please enter the validation code:<br \/>\n<span class=\"wpcf7-form-control-wrap\" data-name=\"captcha-129\"><input size=\"40\" class=\"wpcf7-form-control wpcf7-captchar\" autocomplete=\"off\" aria-invalid=\"false\" value=\"\" type=\"text\" name=\"captcha-129\" \/><\/span>\n\t<\/p>\n\t<p>See our guidelines on the <a href=\"\/en\/terms-of-use-2\/confidentiality-of-user-information-collected-online\/\">confidentiality of user information collected online<\/a> and our <a href=\"\/en\/terms-of-use-2\/netiquette-on-cegep-a-distance-digital-platforms\/\">netiquette<\/a>.\n\t<\/p>\n<div class=\"wpcf7-response-output\" aria-hidden=\"true\"><\/div>\n\t<p><input class=\"wpcf7-form-control wpcf7-submit has-spinner\" type=\"submit\" value=\"Submit\" \/>\n\t<\/p>\n<\/div>\n<\/form>\n<\/div>\n\n\t\t<\/div>\n\t\t<script>\n\t\tjQuery(document).ready(function() {\n\t\t\tjQuery('.fancybox').fancybox({type: 'inline'});\n\t\t});\n\t\t<\/script><\/span><\/p>\n","protected":false},"excerpt":{"rendered":"<p>A distinction that acknowledges your involvement, an asset on your transcript Do you volunteer in your CEGEP or community? Are you involved in an activity inside or outside your CEGEP? Do you actively participate in a project abroad? In other words, are you an engaged student? Then \u201cRecognition of Student Involvement\u201d is for you! What [&hellip;]<\/p>\n","protected":false},"author":2,"featured_media":0,"parent":9968,"menu_order":7,"comment_status":"open","ping_status":"closed","template":"","meta":{"_acf_changed":false,"content-type":"","footnotes":""},"class_list":["post-11300","page","type-page","status-publish","hentry"],"acf":[],"publishpress_future_action":{"enabled":false,"date":"2026-04-21 07:44:52","action":"change-status","newStatus":"draft","terms":[],"taxonomy":"category","extraData":[]},"publishpress_future_workflow_manual_trigger":{"enabledWorkflows":[]},"_links":{"self":[{"href":"https:\/\/ftp.cegepadistance.ca\/en\/wp-json\/wp\/v2\/pages\/11300","targetHints":{"allow":["GET"]}}],"collection":[{"href":"https:\/\/ftp.cegepadistance.ca\/en\/wp-json\/wp\/v2\/pages"}],"about":[{"href":"https:\/\/ftp.cegepadistance.ca\/en\/wp-json\/wp\/v2\/types\/page"}],"author":[{"embeddable":true,"href":"https:\/\/ftp.cegepadistance.ca\/en\/wp-json\/wp\/v2\/users\/2"}],"replies":[{"embeddable":true,"href":"https:\/\/ftp.cegepadistance.ca\/en\/wp-json\/wp\/v2\/comments?post=11300"}],"version-history":[{"count":3,"href":"https:\/\/ftp.cegepadistance.ca\/en\/wp-json\/wp\/v2\/pages\/11300\/revisions"}],"predecessor-version":[{"id":19158,"href":"https:\/\/ftp.cegepadistance.ca\/en\/wp-json\/wp\/v2\/pages\/11300\/revisions\/19158"}],"up":[{"embeddable":true,"href":"https:\/\/ftp.cegepadistance.ca\/en\/wp-json\/wp\/v2\/pages\/9968"}],"wp:attachment":[{"href":"https:\/\/ftp.cegepadistance.ca\/en\/wp-json\/wp\/v2\/media?parent=11300"}],"curies":[{"name":"wp","href":"https:\/\/api.w.org\/{rel}","templated":true}]}}