{"id":11303,"date":"2019-02-06T15:16:07","date_gmt":"2019-02-06T20:16:07","guid":{"rendered":"https:\/\/cegepadistance.ca\/?page_id=11303"},"modified":"2023-05-25T11:12:13","modified_gmt":"2023-05-25T15:12:13","slug":"academic-advisors","status":"publish","type":"page","link":"https:\/\/ftp.cegepadistance.ca\/en\/education-network\/academic-advisors\/","title":{"rendered":"Academic Advisors"},"content":{"rendered":"<h3>Fast access to relevant information for Academic Advisors<\/h3>\n<ul>\n<li><a href=\"https:\/\/cegepadistance.ca\/en\/home\/etudiant-inscrit-acces\/regulations-and-instructions\/off-to-a-good-start-and-introduction-and-instructions\/\"><em>Introduction and Instructions<\/em><\/a><\/li>\n<li><a href=\"https:\/\/courseselectionguide.cegepadistance.ca\/\"><em>Course Selection Guide<\/em><\/a><\/li>\n<\/ul>\n<table border=\"0\">\n<tbody>\n<tr>\n<td>\n<ul>\n<li><a href=\"https:\/\/cegepadistance.ca\/en\/home\/studying-at-cegep-a-distance\/information-about-registration\/computer-resources-required\/\">Computer resources required<\/a><\/li>\n<li><a href=\"https:\/\/cegepadistance.ca\/en\/home\/studying-at-cegep-a-distance\/information-about-registration\/fees\/\">Fees<\/a><\/li>\n<li><a title=\"Commandite (situation d\u2019\u00e9tudes en partenariat)\" href=\"https:\/\/cegepadistance.ca\/en\/home\/studying-at-cegep-a-distance\/information-about-registration\/student-already-enrolled-in-another-cegep\/\">Admission and registration requirements<\/a><\/li>\n<\/ul>\n<\/td>\n<td>\n<ul>\n<li><a href=\"https:\/\/cegepadistance.ca\/en\/home\/etudiant-inscrit-acces\/regulations-and-instructions\/r-score\/\">R score at C\u00e9gep \u00e0 distance<\/a><\/li>\n<li><a href=\"https:\/\/cegepadistance.ca\/en\/home\/cegep-a-distance\/policies-and-regulations\/\">Policies and regulations<\/a><\/li>\n<\/ul>\n<\/td>\n<td>\n<ul>\n<li><a href=\"https:\/\/cegepadistance.ca\/en\/home\/education-network\/academic-advisors\/mailing-list-and-newsletter-registration\/\">Order or view your tools<br \/>\n<\/a><em>Course Selection Guide<\/em><span>, Commandite bookmark, information sheets<\/span><\/li>\n<\/ul>\n<\/td>\n<\/tr>\n<\/tbody>\n<\/table>\n<h3><span lang=\"EN-CA\">What is a partnership situation (<em>commandite<\/em>)?<\/span><\/h3>\n<p><span>A commandite allows the student to take courses at C\u00e9gep \u00e0 distance while remaining enrolled in your institution. These students often come to C\u00e9gep \u00e0 distance to make up a course they failed or to avoid a scheduling conflict. Please see our\u00a0<\/span><a title=\"Benefits of a commandite\" href=\"https:\/\/cegepadistance.ca\/en\/home\/education-network\/academic-advisors\/benefits-of-a-commandite\/\" class=\"\">Benefits of a <em>commandite<\/em><\/a><span>\u00a0page for further details.<\/span><\/p>\n<h3>Which courses can the students take?<\/h3>\n<p>C\u00e9gep \u00e0 distance is gradually developing courses for the Anglophone community, starting with the most commonly taken courses. Go to<span>\u00a0<\/span><a title=\"Our courses\" href=\"https:\/\/courseselectionguide.cegepadistance.ca\/courses\/\">Our courses<\/a><span>\u00a0<\/span>to see a list of the courses we offer in English. Some Anglophone students may also want to take a course in French if it is not offered in English. Please check the<span>\u00a0<\/span><a href=\"https:\/\/cegepadistance.ca\/\">French version of our website<\/a><span>\u00a0<\/span>to find out about our course offering in the language of Moli\u00e8re.<\/p>\n<h3><span lang=\"EN-CA\">How can I find out more about C\u00e9gep \u00e0 distance policies and rules?<\/span><\/h3>\n<p><a title=\"Introduction and instructions\" href=\"https:\/\/cegepadistance.ca\/en\/home\/etudiant-inscrit-acces\/regulations-and-instructions\/off-to-a-good-start-and-introduction-and-instructions\/\">Introduction and Instructions<\/a><span>\u00a0<\/span>outlines the rules that govern studies at C\u00e9gep \u00e0 distance. Our<span>\u00a0<\/span><a title=\"R score\" href=\"https:\/\/cegepadistance.ca\/en\/home\/etudiant-inscrit-acces\/regulations-and-instructions\/r-score\/\">R score at C\u00e9gep \u00e0 distance<\/a><span>\u00a0<\/span>page may also interest you. Please see our<span>\u00a0<\/span><a title=\"Policies and regulations\" href=\"https:\/\/cegepadistance.ca\/en\/home\/cegep-a-distance\/policies-and-regulations\/\" class=\"\">Policies and regulations<\/a><span>\u00a0<\/span>page to access all our documents on this topic.<\/p>\n<h3><span lang=\"EN-CA\">How does studying at C\u00e9gep \u00e0 distance work?<\/span><\/h3>\n<p><a title=\"Discover studying at C\u00e9gep \u00e0 distance\" href=\"https:\/\/cegepadistance.ca\/en\/home\/studying-at-cegep-a-distance\/decouvrez-les-etudes-au-cegep-a-distance\/\" class=\"\">Discover studying at C\u00e9gep \u00e0 distance<\/a><span>\u00a0<\/span>explains the ins and outs of studying at C\u00e9gep \u00e0 distance.<\/p>\n<h3><span lang=\"EN-CA\">What are the admission conditions and how do the students register?<\/span><\/h3>\n<p>Students can register at C\u00e9gep \u00e0 distance at any time. Visiting students with a <em>commandite<\/em> who <strong>register and pay online<\/strong> generally receive their course materials within <strong>five business days<\/strong>. Make sure that the student has the<span>\u00a0<\/span><a title=\"Computer resources required\" href=\"https:\/\/cegepadistance.ca\/en\/home\/studying-at-cegep-a-distance\/information-about-registration\/computer-resources-required\/\" class=\"\">Computer resources required<\/a> to study at a distance and that they understand the <a title=\"Fees\" href=\"https:\/\/cegepadistance.ca\/en\/home\/studying-at-cegep-a-distance\/information-about-registration\/fees\/\" class=\"\">Fees<\/a><span>\u00a0<\/span>before suggesting a <em>commandite<\/em>. Click here for more details about<span>\u00a0<\/span><a title=\"Commandite (visiting student)\" href=\"https:\/\/cegepadistance.ca\/en\/home\/studying-at-cegep-a-distance\/admission-requirements\/\" class=\"\">Admission and registration requirements<\/a>.<\/p>\n<h4>Print registration form and other forms<\/h4>\n<p>Use the print form only if there is a valid reason preventing the student from<span>\u00a0<\/span><a title=\"Commandite (visiting student)\" href=\"https:\/\/cegepadistance.ca\/en\/home\/application-and-registration\/registering-for-the-first-time-at-cegep-a-distance\/register-with-commandite-visiting-student\/\" class=\"\">registering online<\/a>. Click here to access all the<span>\u00a0<\/span><a title=\"Official forms and documents\" href=\"https:\/\/cegepadistance.ca\/en\/home\/etudiant-inscrit-acces\/official-forms-and-documents\/\" class=\"\">forms<\/a>.<\/p>\n<h4>Conditional admission and success contract<\/h4>\n<p>To increase the chances that our students will graduate, C\u00e9gep \u00e0 distance has adopted certain measures for the following situations:<\/p>\n<ul>\n<li>Repeated failure of the same course<\/li>\n<li>Failure of half or more of courses taken in a single session<\/li>\n<\/ul>\n<p>Click here for more details on<span>\u00a0<\/span><a title=\"Conditional admission and success contract\" href=\"https:\/\/cegepadistance.ca\/en\/home\/studying-at-cegep-a-distance\/admission-requirements\/conditional-admission-and-success-contract\/\" class=\"\">conditional admission and the success contract<\/a>.<\/p>\n<h3><span lang=\"EN-CA\">Do you have information documents?<\/span><\/h3>\n<p>Depending on your needs, you can<span>\u00a0<\/span><a title=\"Tool ordering and printing\" href=\"https:\/\/cegepadistance.ca\/en\/home\/education-network\/academic-advisors\/mailing-list-and-newsletter-registration\/\">order or print<\/a><span>\u00a0<\/span>tools such as our Course Selection Guide, the Commandite bookmark, and specific information sheets.<\/p>\n","protected":false},"excerpt":{"rendered":"<p>Fast access to relevant information for Academic Advisors Introduction and Instructions Course Selection Guide Computer resources required Fees Admission and registration requirements R score at C\u00e9gep \u00e0 distance Policies and regulations Order or view your tools Course Selection Guide, Commandite bookmark, information sheets What is a partnership situation (commandite)? A commandite allows the student to [&hellip;]<\/p>\n","protected":false},"author":2,"featured_media":0,"parent":9919,"menu_order":1,"comment_status":"open","ping_status":"closed","template":"","meta":{"_acf_changed":false,"content-type":"","footnotes":""},"categories":[],"class_list":["post-11303","page","type-page","status-publish","hentry"],"acf":[],"publishpress_future_action":{"enabled":false,"date":"2026-04-21 07:44:55","action":"change-status","newStatus":"draft","terms":[],"taxonomy":"category","extraData":[]},"publishpress_future_workflow_manual_trigger":{"enabledWorkflows":[]},"_links":{"self":[{"href":"https:\/\/ftp.cegepadistance.ca\/en\/wp-json\/wp\/v2\/pages\/11303","targetHints":{"allow":["GET"]}}],"collection":[{"href":"https:\/\/ftp.cegepadistance.ca\/en\/wp-json\/wp\/v2\/pages"}],"about":[{"href":"https:\/\/ftp.cegepadistance.ca\/en\/wp-json\/wp\/v2\/types\/page"}],"author":[{"embeddable":true,"href":"https:\/\/ftp.cegepadistance.ca\/en\/wp-json\/wp\/v2\/users\/2"}],"replies":[{"embeddable":true,"href":"https:\/\/ftp.cegepadistance.ca\/en\/wp-json\/wp\/v2\/comments?post=11303"}],"version-history":[{"count":10,"href":"https:\/\/ftp.cegepadistance.ca\/en\/wp-json\/wp\/v2\/pages\/11303\/revisions"}],"predecessor-version":[{"id":18472,"href":"https:\/\/ftp.cegepadistance.ca\/en\/wp-json\/wp\/v2\/pages\/11303\/revisions\/18472"}],"up":[{"embeddable":true,"href":"https:\/\/ftp.cegepadistance.ca\/en\/wp-json\/wp\/v2\/pages\/9919"}],"wp:attachment":[{"href":"https:\/\/ftp.cegepadistance.ca\/en\/wp-json\/wp\/v2\/media?parent=11303"}],"wp:term":[{"taxonomy":"category","embeddable":true,"href":"https:\/\/ftp.cegepadistance.ca\/en\/wp-json\/wp\/v2\/categories?post=11303"}],"curies":[{"name":"wp","href":"https:\/\/api.w.org\/{rel}","templated":true}]}}