{"id":11314,"date":"2019-02-06T15:27:03","date_gmt":"2019-02-06T20:27:03","guid":{"rendered":"https:\/\/cegepadistance.ca\/?page_id=11314"},"modified":"2024-08-19T14:14:16","modified_gmt":"2024-08-19T18:14:16","slug":"college-de-rosemont","status":"publish","type":"page","link":"https:\/\/ftp.cegepadistance.ca\/en\/college-de-rosemont\/","title":{"rendered":"The C\u00e9gep de Rosemont"},"content":{"rendered":"<p>Humane, accessible, and inclusive, the C\u00e9gep de Rosemont is an institution of higher learning which distinguishes itself through its provincial distance education mandate, the novelty of its programs of study and its constant efforts to adapt to the needs of its student population. Recognized for its numerous initiatives in sustainable development, the C\u00e9gep de Rosemont offers pre-university and career programs, multiple pathways to college studies, distance education and continuing education. A pillar within its community, the C\u00e9gep de Rosemont offers a variety of services, including an acupuncture clinic, a healthcare mutual clinic, a college bookstore and more. With CERS\u00c9 (an eco-citizenship research centre) and \u00c9dago (a business services consultancy), the C\u00e9gep de Rosemont also plays an active role with Montreal-based businesses.<\/p>\n<p><a title=\"C\u00e9gep de Rosemont\" href=\"http:\/\/www.crosemont.qc.ca\/\" class=\"\">C\u00e9gep de Rosemont website<\/a><span>\u00a0<\/span>(in French)<\/p>\n","protected":false},"excerpt":{"rendered":"<p>Humane, accessible, and inclusive, the C\u00e9gep de Rosemont is an institution of higher learning which distinguishes itself through its provincial distance education mandate, the novelty of its programs of study and its constant efforts to adapt to the needs of its student population. Recognized for its numerous initiatives in sustainable development, the C\u00e9gep de Rosemont [&hellip;]<\/p>\n","protected":false},"author":2,"featured_media":0,"parent":0,"menu_order":8,"comment_status":"open","ping_status":"closed","template":"","meta":{"_acf_changed":false,"content-type":"","footnotes":""},"categories":[],"class_list":["post-11314","page","type-page","status-publish","hentry"],"acf":[],"publishpress_future_action":{"enabled":false,"date":"2026-04-21 07:44:41","action":"change-status","newStatus":"draft","terms":[],"taxonomy":"category","extraData":[]},"publishpress_future_workflow_manual_trigger":{"enabledWorkflows":[]},"_links":{"self":[{"href":"https:\/\/ftp.cegepadistance.ca\/en\/wp-json\/wp\/v2\/pages\/11314","targetHints":{"allow":["GET"]}}],"collection":[{"href":"https:\/\/ftp.cegepadistance.ca\/en\/wp-json\/wp\/v2\/pages"}],"about":[{"href":"https:\/\/ftp.cegepadistance.ca\/en\/wp-json\/wp\/v2\/types\/page"}],"author":[{"embeddable":true,"href":"https:\/\/ftp.cegepadistance.ca\/en\/wp-json\/wp\/v2\/users\/2"}],"replies":[{"embeddable":true,"href":"https:\/\/ftp.cegepadistance.ca\/en\/wp-json\/wp\/v2\/comments?post=11314"}],"version-history":[{"count":2,"href":"https:\/\/ftp.cegepadistance.ca\/en\/wp-json\/wp\/v2\/pages\/11314\/revisions"}],"predecessor-version":[{"id":20705,"href":"https:\/\/ftp.cegepadistance.ca\/en\/wp-json\/wp\/v2\/pages\/11314\/revisions\/20705"}],"wp:attachment":[{"href":"https:\/\/ftp.cegepadistance.ca\/en\/wp-json\/wp\/v2\/media?parent=11314"}],"wp:term":[{"taxonomy":"category","embeddable":true,"href":"https:\/\/ftp.cegepadistance.ca\/en\/wp-json\/wp\/v2\/categories?post=11314"}],"curies":[{"name":"wp","href":"https:\/\/api.w.org\/{rel}","templated":true}]}}