{"id":11336,"date":"2019-02-06T15:38:47","date_gmt":"2019-02-06T20:38:47","guid":{"rendered":"https:\/\/cegepadistance.ca\/?page_id=11336"},"modified":"2024-08-19T14:38:01","modified_gmt":"2024-08-19T18:38:01","slug":"glossary","status":"publish","type":"page","link":"https:\/\/ftp.cegepadistance.ca\/en\/terms-of-use-2\/glossary\/","title":{"rendered":"Glossary"},"content":{"rendered":"<p><span>ACS: Attestation of college studies<\/span><br \/>\n<span lang=\"fr\">AEC: Attestation d\u2019\u00e9tudes coll\u00e9giales<\/span><br \/>\n<span lang=\"fr\">AGECR: Association g\u00e9n\u00e9rale \u00e9tudiante du C\u00e9gep de Rosemont<\/span><br \/>\n<span>DCS: Diploma of college studies<\/span><br \/>\n<span lang=\"fr\">DEC: Dipl\u00f4me d\u2019\u00e9tudes coll\u00e9giales<\/span><br \/>\n<span lang=\"fr\">DEP: Dipl\u00f4me d\u2019\u00e9tudes professionnelles<\/span><br \/>\n<span lang=\"fr\">DES: Dipl\u00f4me d\u2019\u00e9tudes secondaires<\/span><br \/>\n<span>DVS: Diploma of vocational studies<\/span><br \/>\n<span>MES: Minist\u00e8re de l&#8217;Enseignement sup\u00e9rieur<\/span><br \/>\n<span>ITREP: Information technology (IT) representatives<\/span><br \/>\n<span>SSD: Secondary school diploma<\/span><\/p>\n","protected":false},"excerpt":{"rendered":"<p>ACS: Attestation of college studies AEC: Attestation d\u2019\u00e9tudes coll\u00e9giales AGECR: Association g\u00e9n\u00e9rale \u00e9tudiante du C\u00e9gep de Rosemont DCS: Diploma of college studies DEC: Dipl\u00f4me d\u2019\u00e9tudes coll\u00e9giales DEP: Dipl\u00f4me d\u2019\u00e9tudes professionnelles DES: Dipl\u00f4me d\u2019\u00e9tudes secondaires DVS: Diploma of vocational studies MES: Minist\u00e8re de l&#8217;Enseignement sup\u00e9rieur ITREP: Information technology (IT) representatives SSD: Secondary school diploma<\/p>\n","protected":false},"author":2,"featured_media":0,"parent":11330,"menu_order":3,"comment_status":"closed","ping_status":"closed","template":"template-page-nosidebars.php","meta":{"_acf_changed":false,"content-type":"","footnotes":""},"categories":[],"class_list":["post-11336","page","type-page","status-publish","hentry"],"acf":[],"publishpress_future_action":{"enabled":false,"date":"2026-04-21 07:44:41","action":"change-status","newStatus":"draft","terms":[],"taxonomy":"category","extraData":[]},"publishpress_future_workflow_manual_trigger":{"enabledWorkflows":[]},"_links":{"self":[{"href":"https:\/\/ftp.cegepadistance.ca\/en\/wp-json\/wp\/v2\/pages\/11336","targetHints":{"allow":["GET"]}}],"collection":[{"href":"https:\/\/ftp.cegepadistance.ca\/en\/wp-json\/wp\/v2\/pages"}],"about":[{"href":"https:\/\/ftp.cegepadistance.ca\/en\/wp-json\/wp\/v2\/types\/page"}],"author":[{"embeddable":true,"href":"https:\/\/ftp.cegepadistance.ca\/en\/wp-json\/wp\/v2\/users\/2"}],"replies":[{"embeddable":true,"href":"https:\/\/ftp.cegepadistance.ca\/en\/wp-json\/wp\/v2\/comments?post=11336"}],"version-history":[{"count":4,"href":"https:\/\/ftp.cegepadistance.ca\/en\/wp-json\/wp\/v2\/pages\/11336\/revisions"}],"predecessor-version":[{"id":20725,"href":"https:\/\/ftp.cegepadistance.ca\/en\/wp-json\/wp\/v2\/pages\/11336\/revisions\/20725"}],"up":[{"embeddable":true,"href":"https:\/\/ftp.cegepadistance.ca\/en\/wp-json\/wp\/v2\/pages\/11330"}],"wp:attachment":[{"href":"https:\/\/ftp.cegepadistance.ca\/en\/wp-json\/wp\/v2\/media?parent=11336"}],"wp:term":[{"taxonomy":"category","embeddable":true,"href":"https:\/\/ftp.cegepadistance.ca\/en\/wp-json\/wp\/v2\/categories?post=11336"}],"curies":[{"name":"wp","href":"https:\/\/api.w.org\/{rel}","templated":true}]}}