{"id":12045,"date":"2019-03-11T10:59:52","date_gmt":"2019-03-11T14:59:52","guid":{"rendered":"https:\/\/cegepadistance.ca\/?page_id=12045"},"modified":"2023-10-24T14:35:44","modified_gmt":"2023-10-24T18:35:44","slug":"register-and-application-status","status":"publish","type":"page","link":"https:\/\/ftp.cegepadistance.ca\/en\/home\/applying-and-registering\/register-and-application-status\/","title":{"rendered":"Register as a returning student<!--Registration and application status-->"},"content":{"rendered":"\n<p><span lang=\"EN-CA\">Log on to the Campus on-line environment to register<!--or to check the status of your application for admission-->. Use your login and password to enter. <\/span><\/p>\n<p><H2>Notices<\/H2>If any notices appear below, you should review them before signing in.<br \/>\n<!-- CE REUSABLE A \u00c9T\u00c9 REMPLAC\u00c9 PAR LE [text-blocks id=\"19116\"] -->\r\n<!-- NOTE: CE REUSABLE EST UTILIS\u00c9 LORS D'INTERRUPTION DE COBA POUR AFFICHER DES AVIS CONCERNANT LA FERMETURE DU CAMPUS. CE REUSABLE DOIT FIGURER DANS LES PAGES PAR LESQUELLES IL EST POSSIBLE DE SE CONNECTER \u00c0 COBA: ACC\u00c8S POUR \u00c9TUDIANT INSCRIT, LIEN VERS L'INSCRIPTION, ETC. -->\r\n<!-- NOTE: POUR MASQUER DU CONTENU, AJOUTEZ-Y LES BALISES QUI PR\u00c9C\u00c8DENT ET SUIVENT CETTE NOTE. INVERSEMENT, POUR AFFICHER DU CONTENU, RETIREZ LES BALISES. -->\r\n<!-- CONSERVER CE COMMENTAIRE \u00c0 TITRE D'EXEMPLE. LE CODE CI-DESSOUS PERMET D'AFFICHER LES TITRES EN ROUGE ET LE TEXTE EN NOIR. LES SAUTS DE PARAGRAPHES DOIVENT \u00caTRE FAITS AVEC LES BALISES <BR>. IL N'EST PAS ABSOLUMENT N\u00c9CESSAIRE D'UTILISER LE TITRE \"AVIS\" OU \"NOTICE\". L'EXEMPLE COMMENCE ICI\r\n<div class=\"warning-block\" style=\"display: block;\"><h3>EXEMPLE Notice<\/h3>\r\n<span class=\"warning\">EXEMPLE TITRE 1<\/span><br>\r\nEXEMPLE TEXTE 1<br>\r\n<span class=\"warning\">EXEMPLE TITRE 2<\/span><br>\r\nEXEMPLE TEXTE 2\r\n<\/div>-->\r\n\r\n<!-- FERMETURE DU CAMPUS ET INSCRIPTIONS -->\r\n<!-- <BR><div class=\"warning-block\" style=\"display: block;\"><span class=\"warning\"> The Campus as well as the admission and registration system will be offline Thursday, October 4 from 7:00 a.m to 7:05 a.m. for maintenance purposes.<\/span><\/DIV> -->\r\n\r\n<!-- <br><div class=\"warning-block\" style=\"display: block;\"><span class=\"warning\">ATTENTION! A maintenance is planned on Thursday October 12, from 7:00 a.m. to 8:00 a.m. The C\u00e9gep \u00e0 distance admission and registration services and the Campus platform may not be accessible during that time. <\/span><\/DIV><\/br> -->\r\n\r\n<!-- <BR><div class=\"warning-block\" style=\"display: block;\"><span class=\"warning\">ATTENTION!<br><\/br>The Campus as well as the admission and registration system will be offline Saturday July 1st from 0:00 a.m to 0:21 a.m.<\/span><\/DIV> -->\r\n\r\n\r\n\r\n<!-- PROBL\u00c8MES TECHNIQUES -->\r\n\r\n<!-- <br><div class=\"warning-block\" style=\"display: block;\"><span class=\"warning\">Thursday, February 9: We are currently experiencing technical issues affecting registration for our direct-admit students. We are actively working to resolve the situation. Thank you for your understanding.<\/span><\/DIV><\/br> -->\r\n\r\n<!--<br><div class=\"warning-block\" style=\"display: block;\"><span class=\"warning\">We are currently experiencing technical issues affecting our Learning Environment. We are actively working to resolve the situation. Thank you for your understanding.<\/span><\/DIV><\/br> -->\r\n\r\n\r\n<!-- <br><div class=\"warning-block\" style=\"display: block;\">We are currently experiencing technical issues affecting the <strong>Forgot password<\/strong> function. If you forgot your password, please contact us. We are actively working to resolve the situation. Thank you for your understanding.<\/DIV><\/br> -->\r\n\r\n<!-- <div class=\"warning-block\" style=\"display: block;\"><span class=\"warning\">We are currently experiencing problems with online payments. Please try again later.<\/span><\/DIV> -->\r\n\r\n<!-- SITE WEB -->\r\n<!-- <div class=\"warning-block\" style=\"display: block;\"><span class=\"warning\">ATENTION! <br>Rosemont and C\u00e9gep \u00e0 distance IT department informs the community that a maintenance will take place between September 8, 12:00 p.m. and 12:15 p.m. <\/br><br>The C\u00e9gep \u00e0 distance website as well as the admission and registration services and the campus platform will not be accessible during that time. Thanks for your patience!<\/br><\/span><\/DIV> -->\r\n\r\n<!--BOITES VOCALES-->\r\n<!-- <div class=\"warning-block\" style=\"display: block;\"><span class=\"warning\">Our telephone and the tutors' voicemails are not functional at the moment for reasons beyond the C\u00e9gep \u00e0 distance control. Please use the C\u00e9gep \u00e0 distance messaging system to communicate with your tutors. <\/span><\/DIV> -->\r\n<!-- NOTE: CE REUSABLE S'AFFICHE DANS LES PAGES \/en\/home\/applying-and-registering\/register-and-application-status\/ ET \/en\/home\/registered-students-access\/ -->\r\n<!-- NOTE: POUR MASQUER DU CONTENU, AJOUTEZ-Y LES BALISES QUI PR\u00c9C\u00c8DENT ET SUIVENT CETTE NOTE. INVERSEMENT, POUR AFFICHER DU CONTENU, RETIREZ LES BALISES. -->\r\n\r\n\r\n<h2>Access to the Campus<\/h2>\r\n<div class=\"gradient-box\">\r\n\r\n<form action=\"https:\/\/portail.cegepadistance.ca\/colnet\/login.asp?NoRegr=1\" method=\"POST\"><label for=\"UserID\"><strong>User Code<\/strong><\/label><input id=\"txtCodeUsager\" name=\"txtCodeUsager\" type=\"text\" \/>\r\n\r\n<!-- <p><span class=\"warning\">ATTENTION!<\/span> If you log in for the first time since December 6th, 2016, you will be asked to change your password.<\/p> -->\r\n\r\n<label for=\"password\"><strong>Password<\/strong><\/label><input id=\"txtMotDePasse\" name=\"txtMotDePasse\" type=\"password\" \/><input value=\" LOG IN \" id=\"btnConnecter\" name=\"btnConnecter\" type=\"submit\" \/><\/form><p style=\"text-align: right;\"><a href=\"https:\/\/portail.cegepadistance.ca\/colnet\/mpoublie.asp?NR6d5ROk8FIG0R4K\/HJXEO0G\">Forgot password?<\/a><\/p><\/div>\n","protected":false},"excerpt":{"rendered":"<p>Log on to the Campus on-line environment to register. Use your login and password to enter. NoticesIf any notices appear below, you should review them before signing in.<\/p>\n","protected":false},"author":2,"featured_media":0,"parent":10811,"menu_order":2,"comment_status":"closed","ping_status":"closed","template":"template-page-nosidebars.php","meta":{"_acf_changed":false,"content-type":"","footnotes":""},"categories":[],"class_list":["post-12045","page","type-page","status-publish","hentry"],"acf":[],"publishpress_future_action":{"enabled":false,"date":"2026-04-21 11:17:10","action":"change-status","newStatus":"draft","terms":[],"taxonomy":"category","extraData":[]},"publishpress_future_workflow_manual_trigger":{"enabledWorkflows":[]},"_links":{"self":[{"href":"https:\/\/ftp.cegepadistance.ca\/en\/wp-json\/wp\/v2\/pages\/12045","targetHints":{"allow":["GET"]}}],"collection":[{"href":"https:\/\/ftp.cegepadistance.ca\/en\/wp-json\/wp\/v2\/pages"}],"about":[{"href":"https:\/\/ftp.cegepadistance.ca\/en\/wp-json\/wp\/v2\/types\/page"}],"author":[{"embeddable":true,"href":"https:\/\/ftp.cegepadistance.ca\/en\/wp-json\/wp\/v2\/users\/2"}],"replies":[{"embeddable":true,"href":"https:\/\/ftp.cegepadistance.ca\/en\/wp-json\/wp\/v2\/comments?post=12045"}],"version-history":[{"count":6,"href":"https:\/\/ftp.cegepadistance.ca\/en\/wp-json\/wp\/v2\/pages\/12045\/revisions"}],"predecessor-version":[{"id":19139,"href":"https:\/\/ftp.cegepadistance.ca\/en\/wp-json\/wp\/v2\/pages\/12045\/revisions\/19139"}],"up":[{"embeddable":true,"href":"https:\/\/ftp.cegepadistance.ca\/en\/wp-json\/wp\/v2\/pages\/10811"}],"wp:attachment":[{"href":"https:\/\/ftp.cegepadistance.ca\/en\/wp-json\/wp\/v2\/media?parent=12045"}],"wp:term":[{"taxonomy":"category","embeddable":true,"href":"https:\/\/ftp.cegepadistance.ca\/en\/wp-json\/wp\/v2\/categories?post=12045"}],"curies":[{"name":"wp","href":"https:\/\/api.w.org\/{rel}","templated":true}]}}