{"id":15412,"date":"2020-11-23T09:54:49","date_gmt":"2020-11-23T14:54:49","guid":{"rendered":"https:\/\/cegepadistance.ca\/?page_id=15412"},"modified":"2026-04-15T14:06:09","modified_gmt":"2026-04-15T18:06:09","slug":"registration-process-for-non-credited-courses","status":"publish","type":"page","link":"https:\/\/ftp.cegepadistance.ca\/en\/home\/applying-and-registering\/registration-process-for-non-credited-courses\/","title":{"rendered":"Registration process for non-credited courses"},"content":{"rendered":"\n<h2>Notice<\/h2>\n<p>You must read the following information before you enrol:<\/p>\n<ul type=\"disc\">\n<li><a href=\"https:\/\/cegepadistance.ca\/en\/home\/studying-at-cegep-a-distance\/information-about-registration\/computer-resources-required\/\" title=\"Required computer resources\">Required computer resources<\/a><\/li>\n<li><a href=\"https:\/\/cegepadistance.ca\/en\/home\/studying-at-cegep-a-distance\/information-about-registration\/fees\/\" title=\"Fees\">Fees<\/a><\/li>\n<\/ul>\n<h2>Important information<\/h2>\n<ul type=\"disc\">\n<li>C\u00e9gep \u00e0 distance accepts payment by Visa or MasterCard credit card.\u00a0<b>Please note that once your registration is completed, it is\u00a0impossible\u00a0to change your course selection, and the course materials will be shipped to you with no possibility of a refund.<\/b><\/li>\n<li><b>Registering for 864-MEE-FD \u2013 Preparing for English Exit Exam:<\/b> If you have already attempted the English Exit Exam: To receive support from your tutor that is adapted to your particular needs, we recommend that you forward us a digital copy of your exam. To do this, there are two possible approaches:\n<ul type=\"circle\">\n<li><b>A)<\/b> Complete a request for access to copy and transmit it to the Ministry. As soon as you receive your copy, you will need to scan and send it to your tutor. Note that the exams are destroyed by the Ministry one year after the exam was completed.<br \/>\nOR<\/li>\n<li><b>B<\/b>) \u00a0Fill in and forward this form (<a href=\"https:\/\/cegepadistance.ca\/en\/wp-content\/uploads\/sites\/2\/2014\/09\/Request_for_a_copy.pdf\" title=\"Request for Access to a Copy\">PDF<\/a>) to C\u00e9gep \u00e0 distance at the moment that you register for the course.<\/li>\n<\/ul>\n<\/li>\n<\/ul>\n<h2>To register for non-credited courses<\/h2>\n<ul type=\"disc\">\n<li><a href=\"https:\/\/portail.cegepadistance.ca\/colnet\/admission.asp?Langue=ENG\">Access the on-line registration module.<\/a><\/li>\n<\/ul>\n<ul>\n<li>In the &#8220;My File&#8221; menu on the left, click on &#8220;Add non-credit course&#8221;: <img fetchpriority=\"high\" decoding=\"async\" src=\"\/wp-content\/uploads\/2020\/11\/ICON_Add-non-credit-course.jpg\" alt=\"\" class=\"size-full wp-image-10414 aligncenter\" width=\"287\" height=\"190\" \/><\/li>\n<li>Select the course that you would like to register for and follow the instructions to complete your registration request.<\/li>\n<\/ul>\n<ul type=\"disc\"><\/ul>\n<h2>Notices<\/h2>\n<p>If any notices appear below, you should review them before signing in.<\/p>\n<!-- CE REUSABLE A \u00c9T\u00c9 REMPLAC\u00c9 PAR LE [text-blocks id=\"19121\"] -->\r\n<!-- NOTE: CE REUSABLE EST UTILIS\u00c9 POUR AFFICHER DES AVIS TOUCHANT SP\u00c9CIFIQUEMENT LES \u00c9TUDIANTS INSCRITS. CE REUSABLE DOIT FIGURER DANS LES PAGES PAR LESQUELLES IL EST POSSIBLE DE SE CONNECTER AU CAMPUS: ACC\u00c8S POUR \u00c9TUDIANT INSCRIT, R\u00c9INSCRIPTION -->\r\n<!-- NOTE: POUR MASQUER DU CONTENU, AJOUTEZ-Y LES BALISES QUI PR\u00c9C\u00c8DENT ET SUIVENT CETTE NOTE. INVERSEMENT, POUR AFFICHER DU CONTENU, RETIREZ LES BALISES. -->\r\n<!-- CONSERVER CE COMMENTAIRE \u00c0 TITRE D'EXEMPLE. LE CODE CI-DESSOUS PERMET D'AFFICHER LES TITRES EN ROUGE ET LE TEXTE EN NOIR. LES SAUTS DE PARAGRAPHES DOIVENT \u00caTRE FAITS AVEC LES BALISES\r\n. L'EXEMPLE COMMENCE ICI\r\n<div class=\"warning-block\" style=\"display: block;\">\r\n<h3>EXEMPLE Notice<\/h3>\r\n<span class=\"warning\">EXEMPLE TITRE 1<\/span>\r\nEXEMPLE TEXTE 1\r\n<span class=\"warning\">EXEMPLE TITRE 2<\/span>\r\nEXEMPLE TEXTE 2<\/div>\r\n-->\r\n\r\n<!-- POUR AFFICHER UN LIEN, IL FAUT INDIQUER LA COULEUR PAR LE CODE SUIVANT ENTRE LES BALISES \"A\": \"<span style=\"color: #0089D1;\">\". S'INSPIRER DU CODE POUR LES RE\u00c7US FISCAUX CI-DESSOUS. -->\r\n\r\n<!-- HORAIRE DES F\u00caTES -->\r\n<!--\r\n<div class=\"warning-block\" style=\"display: block;\">\r\n<span class=\"warning\">TUTORS 2022 HOLIDAY SCHEDULE<\/SPAN>\r\nTutors will be on hiatus from December 23 through January 2. Services will resume on January 3. We encourage you to take this information into account right away, adjusting your schedule accordingly in order to ensure that you respect your course deadline(s). We take this opportunity to wish you a great holiday season!\r\n<span class=\"warning\">C\u00c9GEP \u00c0 DISTANCE 2022 HOLIDAY SCHEDULE<\/SPAN>\r\nC\u00e9gep \u00e0 distance will be closed from December 23 to January 2 (inclusive).\r\n<span class=\"warning\">ADMISSIONS AND REGISTRATIONS<\/SPAN>\r\nApplications for admission and registration received between December 20, 4pm, and January 2 will be processed starting January 3.<\/div> -->\r\n\r\n&nbsp;\r\n\r\n<!-- COVID-19 -->\r\n<!--\r\n<div class=\"warning-block\" style=\"display: block;\"><b>COVID-19<\/b>\r\n\r\nHow to reach us, evaluations, student support and other questions and answers related to the situation:\r\nSee our <a href=\"en\/home\/registered-students-access\/regulations-and-instructions\/frequently-asked-questions\/\"><span style=\"color: #0089D1;\">FAQ<\/SPAN><\/a>.<\/br><\/DIV> -->\r\n\r\n<!-- RE\u00c7US FISCAUX -->\r\n<!-- <div class=\"warning-block\" style=\"display: block;\"><a href=\"\/en\/home\/registered-students-access\/tax-receipts\/\"><span style=\"color: #0089d1;\">Tax receipts for 2021<\/span><\/a> are now available.<\/div> -->\r\n<!-- DELAIS EXPEDITION -->\r\n<!--\r\n<div class=\"warning-block\" style=\"display: block;\">\r\nPlease note that due to the current context, the delivery time of course materials may be impacted.\r\nThank you for your understanding.<\/br>\r\n<\/DIV> -->\n<!-- CE REUSABLE A \u00c9T\u00c9 REMPLAC\u00c9 PAR LE [text-blocks id=\"19116\"] -->\r\n<!-- NOTE: CE REUSABLE EST UTILIS\u00c9 LORS D'INTERRUPTION DE COBA POUR AFFICHER DES AVIS CONCERNANT LA FERMETURE DU CAMPUS. CE REUSABLE DOIT FIGURER DANS LES PAGES PAR LESQUELLES IL EST POSSIBLE DE SE CONNECTER \u00c0 COBA: ACC\u00c8S POUR \u00c9TUDIANT INSCRIT, LIEN VERS L'INSCRIPTION, ETC. -->\r\n<!-- NOTE: POUR MASQUER DU CONTENU, AJOUTEZ-Y LES BALISES QUI PR\u00c9C\u00c8DENT ET SUIVENT CETTE NOTE. INVERSEMENT, POUR AFFICHER DU CONTENU, RETIREZ LES BALISES. -->\r\n<!-- CONSERVER CE COMMENTAIRE \u00c0 TITRE D'EXEMPLE. LE CODE CI-DESSOUS PERMET D'AFFICHER LES TITRES EN ROUGE ET LE TEXTE EN NOIR. LES SAUTS DE PARAGRAPHES DOIVENT \u00caTRE FAITS AVEC LES BALISES <BR>. IL N'EST PAS ABSOLUMENT N\u00c9CESSAIRE D'UTILISER LE TITRE \"AVIS\" OU \"NOTICE\". L'EXEMPLE COMMENCE ICI\r\n<div class=\"warning-block\" style=\"display: block;\"><h3>EXEMPLE Notice<\/h3>\r\n<span class=\"warning\">EXEMPLE TITRE 1<\/span><br>\r\nEXEMPLE TEXTE 1<br>\r\n<span class=\"warning\">EXEMPLE TITRE 2<\/span><br>\r\nEXEMPLE TEXTE 2\r\n<\/div>-->\r\n\r\n<!-- FERMETURE DU CAMPUS ET INSCRIPTIONS -->\r\n<!-- <BR><div class=\"warning-block\" style=\"display: block;\"><span class=\"warning\"> The Campus as well as the admission and registration system will be offline Thursday, October 4 from 7:00 a.m to 7:05 a.m. for maintenance purposes.<\/span><\/DIV> -->\r\n\r\n<!-- <br><div class=\"warning-block\" style=\"display: block;\"><span class=\"warning\">ATTENTION! A maintenance is planned on Thursday October 12, from 7:00 a.m. to 8:00 a.m. The C\u00e9gep \u00e0 distance admission and registration services and the Campus platform may not be accessible during that time. <\/span><\/DIV><\/br> -->\r\n\r\n<!-- <BR><div class=\"warning-block\" style=\"display: block;\"><span class=\"warning\">ATTENTION!<br><\/br>The Campus as well as the admission and registration system will be offline Saturday July 1st from 0:00 a.m to 0:21 a.m.<\/span><\/DIV> -->\r\n\r\n\r\n\r\n<!-- PROBL\u00c8MES TECHNIQUES -->\r\n\r\n<!-- <br><div class=\"warning-block\" style=\"display: block;\"><span class=\"warning\">Thursday, February 9: We are currently experiencing technical issues affecting registration for our direct-admit students. We are actively working to resolve the situation. Thank you for your understanding.<\/span><\/DIV><\/br> -->\r\n\r\n<!--<br><div class=\"warning-block\" style=\"display: block;\"><span class=\"warning\">We are currently experiencing technical issues affecting our Learning Environment. We are actively working to resolve the situation. Thank you for your understanding.<\/span><\/DIV><\/br> -->\r\n\r\n\r\n<!-- <br><div class=\"warning-block\" style=\"display: block;\">We are currently experiencing technical issues affecting the <strong>Forgot password<\/strong> function. If you forgot your password, please contact us. We are actively working to resolve the situation. Thank you for your understanding.<\/DIV><\/br> -->\r\n\r\n<!-- <div class=\"warning-block\" style=\"display: block;\"><span class=\"warning\">We are currently experiencing problems with online payments. Please try again later.<\/span><\/DIV> -->\r\n\r\n<!-- SITE WEB -->\r\n<!-- <div class=\"warning-block\" style=\"display: block;\"><span class=\"warning\">ATENTION! <br>Rosemont and C\u00e9gep \u00e0 distance IT department informs the community that a maintenance will take place between September 8, 12:00 p.m. and 12:15 p.m. <\/br><br>The C\u00e9gep \u00e0 distance website as well as the admission and registration services and the campus platform will not be accessible during that time. Thanks for your patience!<\/br><\/span><\/DIV> -->\r\n\r\n<!--BOITES VOCALES-->\r\n<!-- <div class=\"warning-block\" style=\"display: block;\"><span class=\"warning\">Our telephone and the tutors' voicemails are not functional at the moment for reasons beyond the C\u00e9gep \u00e0 distance control. Please use the C\u00e9gep \u00e0 distance messaging system to communicate with your tutors. <\/span><\/DIV> -->\r\n\n<p style=\"text-align: center;\"><a title=\"FIRST TIME STUDYING AT C\u00c9GEP \u00c0 DISTANCE - PROCEED TO REQUEST FOR REGISTRATION\" class=\"btn btn-block\" href=\"https:\/\/portail.cegepadistance.ca\/colnet\/admission.asp?Langue=ENG\"><span>THIS IS MY FIRST TIME STUDYING AT C\u00c9GEP \u00c0 DISTANCE<br \/>\nPROCEED TO REQUEST FOR REGISTRATION<\/span><span class=\"ornement\"><\/span><\/a><\/p>\n<p style=\"text-align: center;\"><a title=\"RETURNING C\u00c9GEP \u00c0 DISTANCE STUDENT - PROCEED TO REQUEST FOR REGISTRATION\" class=\"btn btn-block\" href=\"https:\/\/cegepadistance.ca\/en\/home\/applying-and-registering\/register-and-application-status\/\"><span>I AM A RETURNING C\u00c9GEP \u00c0 DISTANCE STUDENT<br \/>\nPROCEED TO REQUEST FOR REGISTRATION<\/span><span class=\"ornement\"><\/span><\/a><\/p>\n","protected":false},"excerpt":{"rendered":"<p>Notice You must read the following information before you enrol: Required computer resources Fees Important information C\u00e9gep \u00e0 distance accepts payment by Visa or MasterCard credit card.\u00a0Please note that once your registration is completed, it is\u00a0impossible\u00a0to change your course selection, and the course materials will be shipped to you with no possibility of a refund. [&hellip;]<\/p>\n","protected":false},"author":2,"featured_media":0,"parent":10811,"menu_order":1,"comment_status":"closed","ping_status":"closed","template":"template-page-nosidebars.php","meta":{"_acf_changed":false,"content-type":"","footnotes":""},"categories":[],"class_list":["post-15412","page","type-page","status-publish","hentry"],"acf":[],"publishpress_future_action":{"enabled":false,"date":"2026-04-22 18:52:53","action":"change-status","newStatus":"draft","terms":[],"taxonomy":"category","extraData":[]},"publishpress_future_workflow_manual_trigger":{"enabledWorkflows":[]},"_links":{"self":[{"href":"https:\/\/ftp.cegepadistance.ca\/en\/wp-json\/wp\/v2\/pages\/15412","targetHints":{"allow":["GET"]}}],"collection":[{"href":"https:\/\/ftp.cegepadistance.ca\/en\/wp-json\/wp\/v2\/pages"}],"about":[{"href":"https:\/\/ftp.cegepadistance.ca\/en\/wp-json\/wp\/v2\/types\/page"}],"author":[{"embeddable":true,"href":"https:\/\/ftp.cegepadistance.ca\/en\/wp-json\/wp\/v2\/users\/2"}],"replies":[{"embeddable":true,"href":"https:\/\/ftp.cegepadistance.ca\/en\/wp-json\/wp\/v2\/comments?post=15412"}],"version-history":[{"count":12,"href":"https:\/\/ftp.cegepadistance.ca\/en\/wp-json\/wp\/v2\/pages\/15412\/revisions"}],"predecessor-version":[{"id":22650,"href":"https:\/\/ftp.cegepadistance.ca\/en\/wp-json\/wp\/v2\/pages\/15412\/revisions\/22650"}],"up":[{"embeddable":true,"href":"https:\/\/ftp.cegepadistance.ca\/en\/wp-json\/wp\/v2\/pages\/10811"}],"wp:attachment":[{"href":"https:\/\/ftp.cegepadistance.ca\/en\/wp-json\/wp\/v2\/media?parent=15412"}],"wp:term":[{"taxonomy":"category","embeddable":true,"href":"https:\/\/ftp.cegepadistance.ca\/en\/wp-json\/wp\/v2\/categories?post=15412"}],"curies":[{"name":"wp","href":"https:\/\/api.w.org\/{rel}","templated":true}]}}